{"id":2119,"date":"2023-09-21T11:53:49","date_gmt":"2023-09-21T09:53:49","guid":{"rendered":"https:\/\/intact-group.com\/izdelek\/indiba-activ-ct9\/"},"modified":"2025-09-21T16:42:43","modified_gmt":"2025-09-21T14:42:43","slug":"indiba-activ-ct9","status":"publish","type":"product","link":"http:\/\/intact-group.com\/ba\/izdelek\/indiba-activ-ct9\/","title":{"rendered":"INDIBA TECAR Activ CT9"},"content":{"rendered":"<h2><strong><span style=\"font-size: 18pt\">Zna\u010dajke ure\u0111aja:<\/span><\/strong><\/h2>\n<p><span style=\"font-size: 12pt\">Znanstveno potvr\u0111ena frekvencija od 448 kHz tehnologije INDIBINA omogu\u0107uje izvr\u0161enje niz korisnih terapija kompatibilnih s manualnim i drugim terapijskim metodama. Ova kombinacija, zajedno s klini\u010dkim znanjem, pokazala je rezultate bez presedana: <\/span><\/p>\n<ul>\n<li style=\"list-style-type: disc;font-size: 12pt\"><span style=\"font-size: 12pt\">Analgetski u\u010dinak<\/span><\/li>\n<li style=\"list-style-type: disc;font-size: 12pt\"><span style=\"background-color: #ffffff;font-size: 12pt\">Pove\u0107anje volumena i intenziteta cirkulacije krvi, opskrbe kisikom i hranjivim tvarima<\/span><\/li>\n<li style=\"list-style-type: disc;font-size: 12pt\"><span style=\"background-color: #ffffff;font-size: 12pt\">Pove\u0107anje temperature tkiva<\/span><\/li>\n<li style=\"list-style-type: disc;font-size: 12pt\"><span style=\"font-size: 12pt\">Pobolj\u0161anje metabolizma<\/span><\/li>\n<li style=\"list-style-type: disc;font-size: 12pt\"><span style=\"font-size: 12pt\">Ubla\u017eavanje upala<\/span><\/li>\n<li style=\"list-style-type: disc;font-size: 12pt\"><span style=\"font-size: 12pt\">Normalizacija stani\u010dne aktivnosti i stani\u010dne membrane<\/span><\/li>\n<li style=\"list-style-type: disc;font-size: 12pt\"><span style=\"font-size: 12pt\">Stimulacija proliferacije mati\u010dnih stanica<\/span><\/li>\n<li style=\"list-style-type: disc;font-size: 12pt\"><span style=\"font-size: 12pt\">Ionska ravnote\u017ea,<\/span><\/li>\n<\/ul>\n<p><span style=\"font-size: 12pt\">i jo\u0161 mnogo vi\u0161e.<\/span><\/p>\n<h2><strong><span style=\"font-size: 18pt\">Tehnologija<\/span><\/strong><\/h2>\n<p><span style=\"font-size: 12pt\">Brojne objavljene znanstvene studije dokazuju da je frekvencija 448kHz tehnologije INDIBA naju\u010dinkovitija frekvencija za postizanje najboljih terapeutskih rezultata.<\/span><\/p>\n<p><span style=\"color: #2f3337;background-color: #ffffff;font-size: 12pt\">Vode\u0107a svjetska tehnologija INDIBA\u00ae jamstvo je iznimnih rezultata i zadovoljstva pacijenata. Prema na\u0161em dugogodi\u0161njem iskustvu, pacijenti se vra\u0107aju u klinike upravo radi fizioterapeutskih tretmana u kojima se primjenjuje tehnologija INDIBA. <\/span><\/p>\n<p>&nbsp;<\/p>\n<h2><strong><span style=\"font-size: 18pt\">Indikacije:<\/span><\/strong><\/h2>\n<p><u><span style=\"background-color: #ffffff;font-size: 12pt\">TERAPIJE U LIJE\u010cENJU MI\u0160I\u0106NO-KO\u0160TANE BOLI:<\/span><\/u><\/p>\n<ul>\n<li style=\"list-style-type: disc;font-size: 12pt\"><span style=\"font-size: 12pt\">osteoartritis<\/span><\/li>\n<li style=\"list-style-type: disc;font-size: 12pt\"><span style=\"font-size: 12pt\">bol u le\u0111ima<\/span><\/li>\n<li style=\"list-style-type: disc;font-size: 12pt\"><span style=\"font-size: 12pt\">bol u vratu<\/span><\/li>\n<li style=\"list-style-type: disc;font-size: 12pt\"><span style=\"font-size: 12pt\">burzitis<\/span><\/li>\n<li style=\"list-style-type: disc;font-size: 12pt\"><span style=\"font-size: 12pt\">tendinopatija<\/span><\/li>\n<li style=\"list-style-type: disc;font-size: 12pt\"><span style=\"font-size: 12pt\">hematomi<\/span><\/li>\n<li style=\"list-style-type: disc;font-size: 12pt\"><span style=\"font-size: 12pt\">prijelomi<\/span><\/li>\n<li style=\"list-style-type: disc;font-size: 12pt\"><span style=\"font-size: 12pt\">puknu\u0107a mi\u0161i\u0107a<\/span><\/li>\n<li style=\"list-style-type: disc;font-size: 12pt\"><span style=\"font-size: 12pt\">istegnu\u0107a i uganu\u0107a<\/span><\/li>\n<\/ul>\n<p><u><span style=\"font-size: 12pt\">DNO ZDJELICE:<\/span><\/u><\/p>\n<ul>\n<li style=\"list-style-type: disc;font-size: 12pt\"><span style=\"font-size: 12pt\">upala<\/span><\/li>\n<li style=\"list-style-type: disc;font-size: 12pt\"><span style=\"font-size: 12pt\">kroni\u010dna bol u zdjelici<\/span><\/li>\n<li style=\"list-style-type: disc;font-size: 12pt\"><span style=\"font-size: 12pt\">suho\u0107a rodnice<\/span><\/li>\n<li style=\"list-style-type: disc;font-size: 12pt\"><span style=\"font-size: 12pt\">hemoroidi<\/span><\/li>\n<li style=\"list-style-type: disc;font-size: 12pt\"><span style=\"font-size: 12pt\">analne fisure<\/span><\/li>\n<li style=\"list-style-type: disc;font-size: 12pt\"><span style=\"font-size: 12pt\">inkontinenca<\/span><\/li>\n<li style=\"list-style-type: disc;font-size: 12pt\"><span style=\"font-size: 12pt\">oporavak nakon poroda<\/span><\/li>\n<li style=\"list-style-type: disc;font-size: 12pt\"><span style=\"font-size: 12pt\">oporavak nakon carskog reza<\/span><\/li>\n<li style=\"list-style-type: disc;font-size: 12pt\"><span style=\"font-size: 12pt\">epiziotomija<\/span><\/li>\n<li style=\"list-style-type: disc;font-size: 12pt\"><span style=\"font-size: 12pt\">prostatitis<\/span><\/li>\n<\/ul>\n<p><u><span style=\"background-color: #ffffff;font-size: 12pt\">.FIZIO-ESTETIKA:.<\/span><\/u><\/p>\n<ul>\n<li style=\"list-style-type: disc;font-size: 12pt\"><span style=\"background-color: #ffffff;font-size: 12pt\">atrofi\u010dnost ko\u017ee<\/span><\/li>\n<li style=\"list-style-type: disc;font-size: 12pt\"><span style=\"background-color: #ffffff;font-size: 12pt\">zacjeljivanje o\u017eiljaka<\/span><\/li>\n<li style=\"list-style-type: disc;font-size: 12pt\"><span style=\"background-color: #ffffff;font-size: 12pt\">edemi<\/span><\/li>\n<li style=\"list-style-type: disc;font-size: 12pt\"><span style=\"background-color: #ffffff;font-size: 12pt\">korekcija opu\u0161tene ko\u017ee (trbuh, prsa, bedra)<\/span><\/li>\n<li style=\"list-style-type: disc;font-size: 12pt\"><span style=\"background-color: #ffffff;font-size: 12pt\">limfna i venska drena\u017ea<\/span><\/li>\n<li style=\"list-style-type: disc;font-size: 12pt\"><span style=\"background-color: #ffffff;font-size: 12pt\">celulit<\/span><\/li>\n<\/ul>\n\t<div id=\"gap-1101900634\" class=\"gap-element clearfix\" style=\"display:block; height:auto;\">\n\t\t\n<style>\n#gap-1101900634 {\n  padding-top: 50px;\n}\n<\/style>\n\t<\/div>\n\t\n\n<div class=\"row\"  id=\"row-812551455\">\n\n\n\t<div id=\"col-843762560\" class=\"col pb-0 small-12 large-12\"  >\n\t\t\t\t<div class=\"col-inner\"  >\n\t\t\t\n\t\t\t\n\n  <div class=\"banner-grid-wrapper\">\n  <div id=\"banner-grid-428991019\" class=\"banner-grid row row-grid row-small\" data-packery-options=\"\">\n                      \n\n<div class=\"col grid-col large-6 grid-col-2-3\" ><div class=\"col-inner\">\n\n\t<div class=\"img has-hover x md-x lg-x y md-y lg-y\" id=\"image_574453105\">\n\t\t\t\t\t\t\t\t<div class=\"img-inner dark\" >\n\t\t\t<img loading=\"lazy\" decoding=\"async\" width=\"1280\" height=\"960\" src=\"http:\/\/intact-group.com\/wp-content\/uploads\/IA_Application-Images_Fascia-Electrode_06.jpg\" class=\"attachment-original size-original\" alt=\"elektrostimulator\" srcset=\"http:\/\/intact-group.com\/wp-content\/uploads\/IA_Application-Images_Fascia-Electrode_06.jpg 1280w, http:\/\/intact-group.com\/wp-content\/uploads\/IA_Application-Images_Fascia-Electrode_06-500x375.jpg 500w, http:\/\/intact-group.com\/wp-content\/uploads\/IA_Application-Images_Fascia-Electrode_06-1000x750.jpg 1000w, http:\/\/intact-group.com\/wp-content\/uploads\/IA_Application-Images_Fascia-Electrode_06-768x576.jpg 768w, http:\/\/intact-group.com\/wp-content\/uploads\/IA_Application-Images_Fascia-Electrode_06-300x225.jpg 300w, http:\/\/intact-group.com\/wp-content\/uploads\/IA_Application-Images_Fascia-Electrode_06-600x450.jpg 600w\" sizes=\"auto, (max-width: 1280px) 100vw, 1280px\" title=\"elektrostimulator\">\t\t\t\t\t\t\n\t\t\t\t\t<\/div>\n\t\t\t\t\t\t\t\t\n<style>\n#image_574453105 {\n  width: 100%;\n}\n<\/style>\n\t<\/div>\n\t\n\n\n<\/div><\/div>\n<div class=\"col grid-col large-6 grid-col-1-2\" ><div class=\"col-inner\">\n\n\t<div class=\"img has-hover x md-x lg-x y md-y lg-y\" id=\"image_861500063\">\n\t\t\t\t\t\t\t\t<div class=\"img-inner dark\" >\n\t\t\t<img loading=\"lazy\" decoding=\"async\" width=\"1920\" height=\"1281\" src=\"http:\/\/intact-group.com\/wp-content\/uploads\/Activ-CT9_Device-Images_02.jpg\" class=\"attachment-original size-original\" alt=\"elektrostimulator\" srcset=\"http:\/\/intact-group.com\/wp-content\/uploads\/Activ-CT9_Device-Images_02.jpg 1920w, http:\/\/intact-group.com\/wp-content\/uploads\/Activ-CT9_Device-Images_02-500x334.jpg 500w, http:\/\/intact-group.com\/wp-content\/uploads\/Activ-CT9_Device-Images_02-1000x667.jpg 1000w, http:\/\/intact-group.com\/wp-content\/uploads\/Activ-CT9_Device-Images_02-768x512.jpg 768w, http:\/\/intact-group.com\/wp-content\/uploads\/Activ-CT9_Device-Images_02-1536x1025.jpg 1536w, http:\/\/intact-group.com\/wp-content\/uploads\/Activ-CT9_Device-Images_02-300x200.jpg 300w, http:\/\/intact-group.com\/wp-content\/uploads\/Activ-CT9_Device-Images_02-600x400.jpg 600w\" sizes=\"auto, (max-width: 1920px) 100vw, 1920px\" title=\"elektrostimulator\">\t\t\t\t\t\t\n\t\t\t\t\t<\/div>\n\t\t\t\t\t\t\t\t\n<style>\n#image_861500063 {\n  width: 100%;\n}\n<\/style>\n\t<\/div>\n\t\n\n\n<\/div><\/div>\n<div class=\"col grid-col large-6 grid-col-2-3\" ><div class=\"col-inner\">\n\n\t<div class=\"img has-hover x md-x lg-x y md-y lg-y\" id=\"image_901595500\">\n\t\t\t\t\t\t\t\t<div class=\"img-inner dark\" >\n\t\t\t<img loading=\"lazy\" decoding=\"async\" width=\"1920\" height=\"1281\" src=\"http:\/\/intact-group.com\/wp-content\/uploads\/Activ-CT9_Device-Images_04.jpg\" class=\"attachment-original size-original\" alt=\"elektrostimulator\" srcset=\"http:\/\/intact-group.com\/wp-content\/uploads\/Activ-CT9_Device-Images_04.jpg 1920w, http:\/\/intact-group.com\/wp-content\/uploads\/Activ-CT9_Device-Images_04-500x334.jpg 500w, http:\/\/intact-group.com\/wp-content\/uploads\/Activ-CT9_Device-Images_04-1000x667.jpg 1000w, http:\/\/intact-group.com\/wp-content\/uploads\/Activ-CT9_Device-Images_04-768x512.jpg 768w, http:\/\/intact-group.com\/wp-content\/uploads\/Activ-CT9_Device-Images_04-1536x1025.jpg 1536w, http:\/\/intact-group.com\/wp-content\/uploads\/Activ-CT9_Device-Images_04-300x200.jpg 300w, http:\/\/intact-group.com\/wp-content\/uploads\/Activ-CT9_Device-Images_04-600x400.jpg 600w\" sizes=\"auto, (max-width: 1920px) 100vw, 1920px\" title=\"elektrostimulator\">\t\t\t\t\t\t\n\t\t\t\t\t<\/div>\n\t\t\t\t\t\t\t\t\n<style>\n#image_901595500 {\n  width: 100%;\n}\n<\/style>\n\t<\/div>\n\t\n\n\n<\/div><\/div>\n<div class=\"col grid-col large-6 grid-col-1-2\" ><div class=\"col-inner\">\n\n\t<div class=\"img has-hover x md-x lg-x y md-y lg-y\" id=\"image_326680098\">\n\t\t\t\t\t\t\t\t<div class=\"img-inner dark\" >\n\t\t\t<img loading=\"lazy\" decoding=\"async\" width=\"1920\" height=\"1280\" src=\"http:\/\/intact-group.com\/wp-content\/uploads\/Activ-CT9_Device-Images_03.jpg\" class=\"attachment-original size-original\" alt=\"elektrostimulator\" srcset=\"http:\/\/intact-group.com\/wp-content\/uploads\/Activ-CT9_Device-Images_03.jpg 1920w, http:\/\/intact-group.com\/wp-content\/uploads\/Activ-CT9_Device-Images_03-500x333.jpg 500w, http:\/\/intact-group.com\/wp-content\/uploads\/Activ-CT9_Device-Images_03-1000x667.jpg 1000w, http:\/\/intact-group.com\/wp-content\/uploads\/Activ-CT9_Device-Images_03-768x512.jpg 768w, http:\/\/intact-group.com\/wp-content\/uploads\/Activ-CT9_Device-Images_03-1536x1024.jpg 1536w, http:\/\/intact-group.com\/wp-content\/uploads\/Activ-CT9_Device-Images_03-300x200.jpg 300w, http:\/\/intact-group.com\/wp-content\/uploads\/Activ-CT9_Device-Images_03-600x400.jpg 600w\" sizes=\"auto, (max-width: 1920px) 100vw, 1920px\" title=\"elektrostimulator\">\t\t\t\t\t\t\n\t\t\t\t\t<\/div>\n\t\t\t\t\t\t\t\t\n<style>\n#image_326680098 {\n  width: 100%;\n}\n<\/style>\n\t<\/div>\n\t\n\n\n<\/div><\/div>\n\n            <\/div>\n    <style>\n    #banner-grid-428991019 .grid-col-1{height: 600px}\n    #banner-grid-428991019 .grid-col-1-2{height: 300px}\n    #banner-grid-428991019 .grid-col-1-3{height:200px}\n    #banner-grid-428991019 .grid-col-2-3{height: 400px}\n    #banner-grid-428991019 .grid-col-1-4{height: 150px}\n    #banner-grid-428991019 .grid-col-3-4{height: 450px}\n\n\n    \n    \n\n  <\/style>\n    <\/div>\n  \n\n\t\t<\/div>\n\t\t\t\t\t<\/div>\n\n\t\n\n<\/div>\n\n\t<section class=\"section\" id=\"section_444822514\">\n\t\t<div class=\"section-bg fill\" >\n\t\t\t\t\t\t\t\t\t\n\t\t\t\n\n\t\t<\/div>\n\n\t\t\n\n\t\t<div class=\"section-content relative\">\n\t\t\t\r\n\r\n<div class=\"row\"  id=\"row-1220792623\">\r\n\r\n\n\t<div id=\"col-1573683525\" class=\"col pb-0 small-12 large-12\"  >\n\t\t\t\t<div class=\"col-inner\"  >\n\t\t\t\n\t\t\t\r\n\r\n<div class=\"video video-fit mb\" style=\"padding-top:56.25%;\"><p><iframe loading=\"lazy\" title=\"INDIBA Videos New technology video EN\" width=\"1020\" height=\"574\" src=\"https:\/\/www.youtube.com\/embed\/yVnfbdw0-8c?feature=oembed\" frameborder=\"0\" allow=\"accelerometer; autoplay; clipboard-write; encrypted-media; gyroscope; picture-in-picture; web-share\" referrerpolicy=\"strict-origin-when-cross-origin\" allowfullscreen><\/iframe><\/p>\n<\/div>\r\n\r\n\r\n\t\t<\/div>\n\t\t\t\t\t<\/div>\n\n\t\r\n\r\n<\/div>\r\n\r\n\t\t<\/div>\n\n\t\t\n<style>\n#section_444822514 {\n  padding-top: 20px;\n  padding-bottom: 20px;\n  background-color: rgb(234, 234, 234);\n}\n<\/style>\n\t<\/section>\n\t\n","protected":false},"excerpt":{"rendered":"<p>Ure\u0111aj s bezbroj rje\u0161enja. Naju\u010dinkovitije terapije obavljat \u0107ete lako i u najkra\u0107em roku. <b>Kako radi ure\u0111aj?<\/b> CT9 pretvara elektri\u010dnu struju u stabilnu frekvenciju od 448 kHz, \u010dime poti\u010de ionsku izmjenu na stani\u010dnoj razini, \u0161to rezultira zacjeljivanjem tkiva i kontroliranjem boli. Zatvoreni strujni krug omogu\u0107uje siguran i u\u010dinkovit na\u010din izvo\u0111enja terapija. Integracija kapacitivnog CAP i rezistivnog RES na\u010dina rada uz regulaciju male ili velike izlazne snage omogu\u0107ava jednostavno pode\u0161avanje i postizanje termalnog ili subtermalnog u\u010dinka. Na taj na\u010din se terapeutima omogu\u0107uje izvo\u0111enje terapija u svim fazama ozljede, bilo akutnih ili kroni\u010dnih.<\/p>\n","protected":false},"featured_media":2121,"template":"","meta":{"_acf_changed":false},"product_brand":[],"product_cat":[105,104],"product_tag":[],"class_list":{"0":"post-2119","1":"product","2":"type-product","3":"status-publish","4":"has-post-thumbnail","6":"product_cat-sport-ba","7":"product_cat-zdravlje-ba","9":"first","10":"instock","11":"shipping-taxable","12":"product-type-simple"},"acf":[],"_links":{"self":[{"href":"http:\/\/intact-group.com\/ba\/wp-json\/wp\/v2\/product\/2119","targetHints":{"allow":["GET"]}}],"collection":[{"href":"http:\/\/intact-group.com\/ba\/wp-json\/wp\/v2\/product"}],"about":[{"href":"http:\/\/intact-group.com\/ba\/wp-json\/wp\/v2\/types\/product"}],"wp:featuredmedia":[{"embeddable":true,"href":"http:\/\/intact-group.com\/ba\/wp-json\/wp\/v2\/media\/2121"}],"wp:attachment":[{"href":"http:\/\/intact-group.com\/ba\/wp-json\/wp\/v2\/media?parent=2119"}],"wp:term":[{"taxonomy":"product_brand","embeddable":true,"href":"http:\/\/intact-group.com\/ba\/wp-json\/wp\/v2\/product_brand?post=2119"},{"taxonomy":"product_cat","embeddable":true,"href":"http:\/\/intact-group.com\/ba\/wp-json\/wp\/v2\/product_cat?post=2119"},{"taxonomy":"product_tag","embeddable":true,"href":"http:\/\/intact-group.com\/ba\/wp-json\/wp\/v2\/product_tag?post=2119"}],"curies":[{"name":"wp","href":"https:\/\/api.w.org\/{rel}","templated":true}]}}