{"id":2169,"date":"2023-11-28T12:42:25","date_gmt":"2023-11-28T11:42:25","guid":{"rendered":"https:\/\/intact-group.com\/izdelek\/powerbreathe-plus-veliki-otpor-disanja\/"},"modified":"2023-11-28T12:42:25","modified_gmt":"2023-11-28T11:42:25","slug":"powerbreathe-plus-veliki-otpor-disanja","status":"publish","type":"product","link":"https:\/\/intact-group.com\/ba\/izdelek\/powerbreathe-plus-veliki-otpor-disanja\/","title":{"rendered":"Powerbreathe Plus &#8211; VELIKI OTPOR DISANJA"},"content":{"rendered":"","protected":false},"excerpt":{"rendered":"<p><span style=\"font-weight: 400;\">Ru\u010dna regulacija otpora disanja. Vrijednosti otpora disanja izra\u017eene u centimetrima vodenog stupca razlikuju se s obzirom na raspone otpora disanja. <\/span><\/p>\n<ul>\n<li><span style=\"font-weight: 400;\">Pru\u017ea vam prednost pred konkurencijom.<\/span><\/li>\n<li><span style=\"font-weight: 400;\">Poma\u017ee vam pove\u0107ati brzinu i snagu.<\/span><\/li>\n<li><span style=\"font-weight: 400;\">Pobolj\u0161ava izdr\u017eljivost u samo \u010detiri tjedna.<\/span><\/li>\n<li><span style=\"font-weight: 400;\">&#8220;Drug-free&#8221;, jednostavna uporaba bez uzimanja lijekova koja traje manje od pet minuta.<\/span><\/li>\n<\/ul>\n","protected":false},"featured_media":2171,"template":"","meta":{"_acf_changed":false},"product_brand":[],"product_cat":[105],"product_tag":[],"class_list":{"0":"post-2169","1":"product","2":"type-product","3":"status-publish","4":"has-post-thumbnail","6":"product_cat-sport-ba","8":"first","9":"instock","10":"shipping-taxable","11":"purchasable","12":"product-type-simple"},"acf":[],"_links":{"self":[{"href":"https:\/\/intact-group.com\/ba\/wp-json\/wp\/v2\/product\/2169","targetHints":{"allow":["GET"]}}],"collection":[{"href":"https:\/\/intact-group.com\/ba\/wp-json\/wp\/v2\/product"}],"about":[{"href":"https:\/\/intact-group.com\/ba\/wp-json\/wp\/v2\/types\/product"}],"wp:featuredmedia":[{"embeddable":true,"href":"https:\/\/intact-group.com\/ba\/wp-json\/wp\/v2\/media\/2171"}],"wp:attachment":[{"href":"https:\/\/intact-group.com\/ba\/wp-json\/wp\/v2\/media?parent=2169"}],"wp:term":[{"taxonomy":"product_brand","embeddable":true,"href":"https:\/\/intact-group.com\/ba\/wp-json\/wp\/v2\/product_brand?post=2169"},{"taxonomy":"product_cat","embeddable":true,"href":"https:\/\/intact-group.com\/ba\/wp-json\/wp\/v2\/product_cat?post=2169"},{"taxonomy":"product_tag","embeddable":true,"href":"https:\/\/intact-group.com\/ba\/wp-json\/wp\/v2\/product_tag?post=2169"}],"curies":[{"name":"wp","href":"https:\/\/api.w.org\/{rel}","templated":true}]}}